{"id":2,"date":"2016-05-10T03:48:21","date_gmt":"2016-05-10T03:48:21","guid":{"rendered":"http:\/\/cofrade.jesusnazarenoalcaudete.es\/?page_id=2"},"modified":"2018-02-07T18:14:26","modified_gmt":"2018-02-07T18:14:26","slug":"sample-page","status":"publish","type":"page","link":"https:\/\/cofrade.jesusnazarenoalcaudete.es\/","title":{"rendered":"Sample Page"},"content":{"rendered":"<div class=\"fm-form-container fm-theme8\"><div id=\"fm-pages6\" class=\"fm-pages wdform_page_navigation \" show_title=\"\" show_numbers=\"1\" type=\"none\"><\/div><form name=\"form6\" action=\"\/index.php?rest_route=%2Fwp%2Fv2%2Fpages%2F2\" method=\"post\" id=\"form6\" class=\"fm-form form6 \" enctype=\"multipart\/form-data\"><input type=\"hidden\" id=\"counter6\" value=\"31\" name=\"counter6\" \/><input type=\"hidden\" id=\"Itemid6\" value=\"\" name=\"Itemid6\" \/><div class=\"fm-header-bg\"><div class=\"fm-header image_left_right\"><div class=\"fm-header-img  fm-animated none\"><img decoding=\"async\" src=\"http:\/\/cofrade.jesusnazarenoalcaudete.es\/wp-content\/uploads\/2018\/02\/LogoJN80px.png\" width=\"80px\" \/><\/div><div class=\"fm-header-text\">            <div class=\"fm-header-title\">              Alta y Modificaci\u00f3n de Datos de Cofrades            <\/div>            <div class=\"fm-header-description\">              <p style=\"text-align: center;\">Proporcione sus datos de la forma m\u00e1s exacta posible<\/p>            <\/div>          <\/div><\/div><\/div><div class=\"wdform-page-and-images\"><div id=\"6form_view1\" class=\"wdform_page\" page_title=\"Untitled page\" next_title=\"Next\" next_type=\"text\" next_class=\"wdform-page-button\" next_checkable=\"false\" previous_title=\"Previous\" previous_type=\"text\" previous_class=\"wdform-page-button\" previous_checkable=\"false\"><div class=\"wdform_section\"><div class=\"wdform_column\"><table><tr><td style=\"width:100%;\"><div wdid=\"2\" class=\"wdform_row\"> <div type=\"type_radio\" class=\"wdform-field wd-width-100 wd-flex wd-flex-column\"><div class=\"wdform-label-section wd-width-100  wd-flex-wrap wd-flex-row\">    <label class=\"wdform-label\">Motivo de la solicitud<\/label><span class=\"wdform-required\">*<\/span><\/div><div class=\"wdform-element-section wd-flex  wd-flex-wrap wd-flex-row wd-width-100\" ><div class=\"wd-flex wd-flex-column\"><div class=\"radio-div wd-choice wd-flex wd-flex-row\"><input type=\"radio\"  id=\"wdform_2_element60\" name=\"wdform_2_element6\" value=\"Alta como Cofrade\" onclick=\"set_default(&quot;wdform_2&quot;,&quot;0&quot;,&quot;6&quot;); \"   \/><label class=\"wd-align-items-center wd-flex wd-flex-row\" for=\"wdform_2_element60\"><span><\/span>Alta como Cofrade<\/label><\/div><div class=\"radio-div wd-choice wd-flex wd-flex-row\"><input type=\"radio\"  id=\"wdform_2_element61\" name=\"wdform_2_element6\" value=\"Modificaci\u00f3n de datos\" onclick=\"set_default(&quot;wdform_2&quot;,&quot;1&quot;,&quot;6&quot;); \"   \/><label class=\"wd-align-items-center wd-flex wd-flex-row\" for=\"wdform_2_element61\"><span><\/span>Modificaci\u00f3n de datos<\/label><\/div><\/div><\/div><\/div> <\/div><\/td><\/tr><\/table><\/div><\/div><div class=\"wdform_section\"><div class=\"wdform_column\"><div wdid=\"6\" class=\"wdform_row\"> <div type=\"type_name\" class=\"wdform-field wd-width-100 wd-flex wd-flex-column\"><div class=\"wdform-label-section wd-width-100  wd-flex-row\">    <label for=\"wdform_6_element_first6\" class=\"wdform-label\">Nombre y Apellidos<\/label><span class=\"wdform-required\">*<\/span><\/div><div class=\"wdform-element-section wd-flex  wd-flex-row wd-width-100\" ><div class=\"wd-flex wd-flex-column wd-width-50\"><input type=\"text\" class=\"wd-width-100\" id=\"wdform_6_element_first6\" name=\"wdform_6_element_first6\" value=\"Nombre\" title=\"\" placeholder=\"\"  \/><label class=\"mini_label\" for=\"wdform_6_element_first6\"><\/label><\/div><div class=\"wd-flex wd-flex-column wd-name-separator\"><\/div><div class=\"wd-flex wd-flex-column wd-width-50\"><input type=\"text\" class=\"wd-width-100\" id=\"wdform_6_element_last6\" name=\"wdform_6_element_last6\" value=\"Apellidos\" title=\"\" placeholder=\"\"  \/><label class=\"mini_label\" for=\"wdform_6_element_last6\"><\/label><\/div><\/div><\/div> <\/div><div wdid=\"7\" class=\"wdform_row\"> <div type=\"type_address\" class=\"wdform-field wd-width-100 wd-flex wd-flex-column\"><div class=\"wdform-label-section wd-width-100 wdform_address wd-flex-column\">    <label for=\"wdform_7_street16\" class=\"wdform-label\">Direcci\u00f3n<\/label><span class=\"wdform-required\">*<\/span><\/div><div class=\"wdform-element-section wd-flex wdform_address wd-flex-column wd-width-100\" ><span class=\"wd-width-100 wd-address\">                <input class=\"wd-width-100\" type=\"text\" id=\"wdform_7_street16\" name=\"wdform_7_street16\" value=\"\"  \/>                <label for=\"wdform_7_street16\" class=\"mini_label\">Calle, numero, piso..<\/label><\/span><span class=\"wd-width-100 wd-flex wd-flex-row wd-flex-wrap wd-justify-content\"><span class=\"wd-width-49 wd-address\">                <input class=\"wd-width-100\" type=\"text\" id=\"wdform_7_city6\" name=\"wdform_9_city6\" value=\"\"  \/>                <label for=\"wdform_7_city6\" class=\"mini_label\">Localidad<\/label><\/span><span class=\"wd-width-49 wd-address\">              <input class=\"wd-width-100\" type=\"text\" id=\"wdform_7_postal6\" name=\"wdform_11_postal6\" value=\"\"  \/>              <label for=\"wdform_7_postal6\" class=\"mini_label\">C\u00f3digo Postal<\/label><\/span><\/span><\/div><\/div> <\/div><\/div><\/div><div class=\"wdform_section\"><div class=\"wdform_column\"><table><tr><td style=\"width:50%;\"><div wdid=\"13\" class=\"wdform_row\" style=\"position: relative; left: 0px; top: 0px;\"> <div type=\"type_date_new\" class=\"wdform-field wd-width-100 wd-flex wd-flex-column\"><div class=\"wdform-label-section wd-width-100  wd-flex-row\">    <label for=\"wdform_13_element6\" class=\"wdform-label\">Fecha de Nacimiento<\/label><\/div><div class=\"wdform-element-section wd-flex  wd-flex-row wd-width-100\" ><input class=\"wd-width-100\" type=\"text\" id=\"wdform_13_element6\" name=\"wdform_13_element6\"   \/><span id=\"fm-calendar-13\" class=\"dashicons dashicons-calendar-alt wd-calendar-button wd-inline-block\"><\/span><input type=\"hidden\" format=\"dd\/mm\/yy\" id=\"wdform_13_button6\" value=\"\" \/><\/div><\/div> <\/div><\/td><td style=\"width:50%;\"><div wdid=\"17\" class=\"wdform_row\"> <div type=\"type_submitter_mail\" class=\"wdform-field wd-width-100 wd-flex wd-flex-column\"><div class=\"wdform-label-section wd-width-100  wd-flex-row\">    <label for=\"wdform_17_element6\" class=\"wdform-label\">Correo Electr\u00f3nico<\/label><span class=\"wdform-required\">*<\/span><\/div><div class=\"wdform-element-section wd-flex  wd-flex-row wd-width-100\" ><input type=\"text\" class=\"wd-width-100\" id=\"wdform_17_element6\" name=\"wdform_17_element6\" value=\"\" title=\"\" placeholder=\"\"   onchange=\"wd_check_email('17', '6', 'Esto no es una direcci\u00f3n v\u00e1lida de email')\" \/><\/div><\/div> <\/div><\/td><\/tr><tr><td style=\"width:50%;\"><div wdid=\"18\" class=\"wdform_row\"> <div type=\"type_text\" class=\"wdform-field wd-width-100 wd-flex wd-flex-column\"><div class=\"wdform-label-section wd-width-100  wd-flex-row wd-align-items-center\">    <label for=\"wdform_18_element6\" class=\"wdform-label\">DNI<\/label><\/div><div class=\"wdform-element-section wd-flex  wd-flex-row wd-align-items-center wd-width-100\" ><input type=\"text\"                           class=\"wd-width-100\"                           id=\"wdform_18_element6\"                           name=\"wdform_18_element6\"                           value=\"\"                           title=\"\"                           placeholder=\"\"                                                       \/><\/div><\/div> <\/div><\/td><td style=\"width:50%;\"><div wdid=\"19\" class=\"wdform_row\"> <div type=\"type_phone_new\" class=\"wdform-field wd-width-100 wd-flex wd-flex-column\"><div class=\"wdform-label-section wd-width-100 \">    <label for=\"wdform_19_element6\" class=\"wdform-label\">Tel\u00e9fono (preferible M\u00f3vil)<\/label><span class=\"wdform-required\">*<\/span><\/div><div class=\"wdform-element-section wd-flex  wd-width-100\" ><input type=\"text\"                       class=\"wd-width-100\"                       id=\"wdform_19_element6\"                       name=\"wdform_19_element6\"                       value=\"\"                       placeholder=\"\"  \/><\/div><\/div> <\/div><\/td><\/tr><\/table><\/div><\/div><div class=\"wdform_section\"><div class=\"wdform_column\"><table><tr><th width=\"100%\"><div wdid=\"29\" class=\"wdform_row\"> <div type=\"type_text\" class=\"wdform-field wd-width-100 wd-flex wd-flex-column\"><div class=\"wdform-label-section wd-width-100  wd-flex-row wd-align-items-center\">    <label for=\"wdform_29_element6\" class=\"wdform-label\">BANCO O CAJA<\/label><\/div><div class=\"wdform-element-section wd-flex  wd-flex-row wd-align-items-center wd-width-100\" ><input type=\"text\"                           class=\"wd-width-100\"                           id=\"wdform_29_element6\"                           name=\"wdform_29_element6\"                           value=\"\"                           title=\"\"                           placeholder=\"\"                                                       \/><\/div><\/div> <\/div><\/th><\/tr><\/table><table><tr><th width=\"16%\" style=\"text-align:center\"><div style=\"font-size:0.60em;\"> IBAN (ESxx) <\/div><\/th><th width=\"16%\" style=\"text-align:center\"><div style=\"font-size:0.60em;\"> ENT <\/div><\/th><th width=\"16%\" style=\"text-align:center\"><div style=\"font-size:0.60em;\"> SUC <\/div><\/th><th width=\"12%\" style=\"text-align:center\"><div style=\"font-size:0.60em;\"> DC <\/div><\/th><th width=\"40%\" style=\"text-align:center\"><div style=\"font-size:0.60em;\"> CUENTA <\/div><\/th><\/tr><tr><td width=\"16%\" style=\"text-align:center\"><div wdid=\"23\" class=\"wdform_row\"> <div type=\"type_text\" class=\"wdform-field wd-width-100 wd-flex wd-flex-row\"><div class=\"wdform-label-section wd-width-30  wd-flex-row wd-align-items-center wd-hidden\">    <label for=\"wdform_23_element6\" class=\"wdform-label\">IBAN1<\/label><\/div><div class=\"wdform-element-section wd-flex  wd-flex-row wd-align-items-center wd-width-100\" ><input type=\"text\"                           class=\"wd-width-100\"                           id=\"wdform_23_element6\"                           name=\"wdform_23_element6\"                           value=\"ESXX\"                           title=\"ESXX\"                           placeholder=\"ESXX\"                                                       \/><\/div><\/div> <\/div><\/td><td width=\"16%\" style=\"text-align:center\"><div wdid=\"25\" class=\"wdform_row\"> <div type=\"type_text\" class=\"wdform-field wd-width-100 wd-flex wd-flex-row\"><div class=\"wdform-label-section wd-width-30  wd-flex-row wd-align-items-center wd-hidden\">    <label for=\"wdform_25_element6\" class=\"wdform-label\">ENTIDAD<\/label><\/div><div class=\"wdform-element-section wd-flex  wd-flex-row wd-align-items-center wd-width-100\" ><input type=\"text\"                           class=\"wd-width-100\"                           id=\"wdform_25_element6\"                           name=\"wdform_25_element6\"                           value=\"\"                           title=\"XXXX\"                           placeholder=\"XXXX\"                                                       \/><\/div><\/div> <\/div><\/td><td width=\"16%\" style=\"text-align:center\"><div wdid=\"26\" class=\"wdform_row\"> <div type=\"type_text\" class=\"wdform-field wd-width-100 wd-flex wd-flex-row\"><div class=\"wdform-label-section wd-width-30  wd-flex-row wd-align-items-center wd-hidden\">    <label for=\"wdform_26_element6\" class=\"wdform-label\">SUCURSAL<\/label><\/div><div class=\"wdform-element-section wd-flex  wd-flex-row wd-align-items-center wd-width-100\" ><input type=\"text\"                           class=\"wd-width-100\"                           id=\"wdform_26_element6\"                           name=\"wdform_26_element6\"                           value=\"\"                           title=\"XXXX\"                           placeholder=\"XXXX\"                                                       \/><\/div><\/div> <\/div><\/td><td width=\"12%\" style=\"text-align:center\"><div wdid=\"27\" class=\"wdform_row\"> <div type=\"type_text\" class=\"wdform-field wd-width-100 wd-flex wd-flex-row\"><div class=\"wdform-label-section wd-width-30  wd-flex-row wd-align-items-center wd-hidden\">    <label for=\"wdform_27_element6\" class=\"wdform-label\">DC<\/label><\/div><div class=\"wdform-element-section wd-flex  wd-flex-row wd-align-items-center wd-width-100\" ><input type=\"text\"                           class=\"wd-width-100\"                           id=\"wdform_27_element6\"                           name=\"wdform_27_element6\"                           value=\"\"                           title=\"XX\"                           placeholder=\"XX\"                                                       \/><\/div><\/div> <\/div><\/td><td width=\"40%\" style=\"text-align:center\"><div wdid=\"28\" class=\"wdform_row\"> <div type=\"type_text\" class=\"wdform-field wd-width-100 wd-flex wd-flex-row\"><div class=\"wdform-label-section wd-width-30  wd-flex-row wd-align-items-center wd-hidden\">    <label for=\"wdform_28_element6\" class=\"wdform-label\">CUENTA<\/label><\/div><div class=\"wdform-element-section wd-flex  wd-flex-row wd-align-items-center wd-width-100\" ><input type=\"text\"                           class=\"wd-width-100\"                           id=\"wdform_28_element6\"                           name=\"wdform_28_element6\"                           value=\"\"                           title=\"XXXXXXXXXXX\"                           placeholder=\"XXXXXXXXXXX\"                                                       \/><\/div><\/div> <\/div><\/td><\/tr><\/table><\/div><\/div><div class=\"wdform_section\"><div class=\"wdform_column\"><\/div><\/div><div class=\"wdform_section\"><div class=\"wdform_column\"><div wdid=\"30\" class=\"wdform_row\"> <div type=\"type_recaptcha\" class=\"wdform-field wd-width-100 wd-flex wd-flex-row\"><div class=\"wdform-label-section wd-width-30 wd-flex-row wd-hidden\">    <label class=\"wdform-label\">reCAPTCHA<\/label><\/div><div class=\"wdform-element-section wd-flex wd-flex-row wd-width-100\" ><div id=\"recaptcha630\" class=\"g-recaptcha\" data-sitekey=\"6LchfEUUAAAAACwszLXVtVPCB-kV6g7yecuRplpw\" data-form_id=\"6\" data-badge=\"hidden\"><\/div><\/div><\/div> <\/div><div wdid=\"1\" class=\"wdform_row\"> <div type=\"type_submit_reset\" class=\"wdform-field wd-width-100 wd-flex wd-flex-column\"><div class=\"wdform-element-section wd-flex  wd-flex-row wd-justify-content-center wd-width-100\" ><button type=\"button\" class=\"button-submit\" onclick=\"fm_submit_form('6');\" >Enviar<\/button><button type=\"button\" class=\"button-reset wd-hidden\" onclick=\"fm_reset_form(6);\" >Reset<\/button><\/div><\/div> <\/div><div wdid=\"20\" class=\"wdform_row\"> <div type=\"type_send_copy\" class=\"wdform-field wd-width-100 wd-flex wd-flex-column\"><div class=\"wdform-element-section wd-flex  checkbox-div wd-flex-row wd-align-items-center wd-width-100\" ><label for=\"wdform_20_element6\" class=\"wdform-label\">Recibir una copia en mi correo<\/label>&nbsp;<input type=\"checkbox\"                             class=\"wd-flex-row\"                             id=\"wdform_20_element6\"                             name=\"wdform_20_element6\"                                                           \/><label for=\"wdform_20_element6\"><span><\/span><\/label><\/div><\/div> <\/div><\/div><\/div><div valign=\"top\" class=\"wdform_footer wd-width-100\"><div class=\"wd-width-100\"><div class=\"wd-width-100 wd-table\" style=\"padding-top:10px;\"><div class=\"wd-table-group\"><div id=\"6page_nav1\" class=\"wd-table-row\" style=\"background-color:#242424;\"><div style=\"margin-left:10%; margin-right:10%;\"><p> Conforme al Art. 5 de la LOPD, le informamos de que los datos de car\u00e1cter personal que nos ha suministrado pasar\u00e1n a formar parte de un fichero propiedad de la Antigua e Ilustre Cofrad\u00eda de Nuestro Padre Jes\u00fas Nazareno. Dicho fichero ha sido creado para poder atenderle adecuadamente, encontr\u00e1ndose debidamente inscrito en la AEPD. Se le informa que conforme a lo dispuesto en la Ley Org\u00e1nica 15\/1999, de 13 de diciembre, de Protecci\u00f3n de Datos de Car\u00e1cter Personal, est\u00e1 obligado a informar de las variaciones que puedan experimentar los datos facilitados. Asimismo, y si quiere ejercer sus derechos de acceso, rectificaci\u00f3n, cancelaci\u00f3n u oposici\u00f3n, puede hacerlo enviando una solicitud por escrito acompa\u00f1ada de una fotocopia de su DNI dirigida a: Antigua e Ilustre Cofrad\u00eda de Nuestro Padre Jes\u00fas Nazareno con domicilio en calle Carnicer\u00eda, 12, 23660 Alcaudete (Ja\u00e9n). <p><\/div><\/div><\/div><\/div><\/div><\/div><\/div><\/div><div class=\"wdform_preload\"><\/div><\/form><\/div>\n","protected":false},"excerpt":{"rendered":"","protected":false},"author":1,"featured_media":0,"parent":0,"menu_order":0,"comment_status":"closed","ping_status":"closed","template":"","meta":{"footnotes":""},"class_list":["post-2","page","type-page","status-publish","czr-hentry"],"_links":{"self":[{"href":"https:\/\/cofrade.jesusnazarenoalcaudete.es\/index.php?rest_route=\/wp\/v2\/pages\/2","targetHints":{"allow":["GET"]}}],"collection":[{"href":"https:\/\/cofrade.jesusnazarenoalcaudete.es\/index.php?rest_route=\/wp\/v2\/pages"}],"about":[{"href":"https:\/\/cofrade.jesusnazarenoalcaudete.es\/index.php?rest_route=\/wp\/v2\/types\/page"}],"author":[{"embeddable":true,"href":"https:\/\/cofrade.jesusnazarenoalcaudete.es\/index.php?rest_route=\/wp\/v2\/users\/1"}],"replies":[{"embeddable":true,"href":"https:\/\/cofrade.jesusnazarenoalcaudete.es\/index.php?rest_route=%2Fwp%2Fv2%2Fcomments&post=2"}],"version-history":[{"count":2,"href":"https:\/\/cofrade.jesusnazarenoalcaudete.es\/index.php?rest_route=\/wp\/v2\/pages\/2\/revisions"}],"predecessor-version":[{"id":28,"href":"https:\/\/cofrade.jesusnazarenoalcaudete.es\/index.php?rest_route=\/wp\/v2\/pages\/2\/revisions\/28"}],"wp:attachment":[{"href":"https:\/\/cofrade.jesusnazarenoalcaudete.es\/index.php?rest_route=%2Fwp%2Fv2%2Fmedia&parent=2"}],"curies":[{"name":"wp","href":"https:\/\/api.w.org\/{rel}","templated":true}]}}